{"id":34562,"date":"2022-05-12T08:49:00","date_gmt":"2022-09-12T11:39:49","guid":{"rendered":"https:\/\/www.studioproud.com\/product\/athene-monastiraki\/"},"modified":"2024-06-14T10:49:00","modified_gmt":"2022-12-14T19:23:03","slug":"athene-monastiraki-2","status":"publish","type":"product","link":"https:\/\/www.studioproud.com\/en\/product\/athene-monastiraki-2\/","title":{"rendered":"Athene &#8211; Monastir\u00e1ki"},"content":{"rendered":"\t\t<div data-elementor-type=\"product-post\" data-elementor-id=\"34562\" class=\"elementor elementor-34562 elementor-28850\" data-elementor-post-type=\"product\">\n\t\t\t\t\t\t<section class=\"elementor-section elementor-top-section elementor-element elementor-element-63010a93 elementor-section-boxed elementor-section-height-default elementor-section-height-default\" data-id=\"63010a93\" data-element_type=\"section\" data-e-type=\"section\">\n\t\t\t\t\t\t<div class=\"elementor-container elementor-column-gap-default\">\n\t\t\t\t\t<div class=\"elementor-column elementor-col-100 elementor-top-column elementor-element elementor-element-4fe451f0\" data-id=\"4fe451f0\" data-element_type=\"column\" data-e-type=\"column\">\n\t\t\t<div class=\"elementor-widget-wrap elementor-element-populated\">\n\t\t\t\t\t\t<div class=\"elementor-element elementor-element-2d46b9a elementor-widget elementor-widget-text-editor\" data-id=\"2d46b9a\" data-element_type=\"widget\" data-e-type=\"widget\" data-widget_type=\"text-editor.default\">\n\t\t\t\t<div class=\"elementor-widget-container\">\n\t\t\t\t\t\t\t\t\t<p><strong><b><span data-contrast=\"none\">Beschrijving<\/span><\/b><span data-ccp-props=\"{&quot;134233117&quot;:false,&quot;134233118&quot;:false,&quot;201341983&quot;:0,&quot;335551550&quot;:1,&quot;335551620&quot;:1,&quot;335559685&quot;:0,&quot;335559731&quot;:0,&quot;335559737&quot;:0,&quot;335559740&quot;:259}\">&nbsp;<\/span><\/strong><\/p>\n<p><strong>Hondenriem \u2013 Monastir\u00e1ki<\/strong><\/p>\n<p>Met deze \u00fcberstylish uitlaatriem zijn jij en je hond in \u00e9\u00e9n klap gestyled voor een dagje flaneren. Er zijn verschillende prints en materialen, dus altijd perfect te matchen met de stijl van het baasje. Bijvoorbeeld dit bijzondere exemplaar, met een fraaie beige satijnen en goudkleurige accenten. Wil je 100% zeker zijn van een instagramwaardige look? Doe er dan een bijpassend poephouderzakje bij. Alle producten van Studio Proud zijn gemaakt van de beste kwaliteit materialen. Zo genieten jij \u00e9n je hond nog heel lang van de mooiste hondenaccessoires.<span data-contrast=\"none\"> Daarnaast is deze specifieke hondenriem gemaakt van een satijnen stof, deze stof is erg goed voor de vacht.<\/span><\/p>\n<p><strong style=\"font-style: var( --e-global-typography-text-font-style ); text-transform: var( --e-global-typography-text-text-transform ); letter-spacing: 0px;\">Waarom een satijnen halsband voor je hond?<\/strong><br><\/p>\n<p>Voor mensen is het al lange tijd de &#8216;Holy Grail&#8217; voor gezonde mooie glanzende haren, maar nu hebben we deze stof ook verwerkt in een halsband. Er zijn veel voordelen te noemen om voor een satijnen halsband te kiezen. Naast dat het super chique en stijlvol is:<\/p>\n<p><img decoding=\"async\" draggable=\"false\" role=\"img\" class=\"emoji\" alt=\"\u2714\ufe0f\" src=\"https:\/\/s.w.org\/images\/core\/emoji\/14.0.0\/svg\/2714.svg\">Voorkomt het klitten<\/p>\n<p><img decoding=\"async\" draggable=\"false\" role=\"img\" class=\"emoji\" alt=\"\u2714\ufe0f\" src=\"https:\/\/s.w.org\/images\/core\/emoji\/14.0.0\/svg\/2714.svg\">Voorkomt het pluizig haar<\/p>\n<p><img decoding=\"async\" draggable=\"false\" role=\"img\" class=\"emoji\" alt=\"\u2714\ufe0f\" src=\"https:\/\/s.w.org\/images\/core\/emoji\/14.0.0\/svg\/2714.svg\">Kalmeert het een gevoelige huid<\/p>\n<p><img decoding=\"async\" draggable=\"false\" role=\"img\" class=\"emoji\" alt=\"\u2714\ufe0f\" src=\"https:\/\/s.w.org\/images\/core\/emoji\/14.0.0\/svg\/2714.svg\">Bevat het anti-allergeen tegen pollen en huisstofmijt (Kunnen honden ook allergisch voor zijn)<\/p>\n<p><img decoding=\"async\" draggable=\"false\" role=\"img\" class=\"emoji\" alt=\"\u2714\ufe0f\" src=\"https:\/\/s.w.org\/images\/core\/emoji\/14.0.0\/svg\/2714.svg\">Werkt verkoelend<\/p>\n<p>De lengte van de riemen zijn bij alle maten hetzelfde, namelijk 150 cm.&nbsp; De breedte maten verschillen, zodat je de juiste breedte kunt kiezen bij de juiste halsband. Bijvoorbeeld als je maat m \u2013 30 tot 40 cm in halsband hebt gekozen, past daar een riem maat M het beste qua breedte bij, namelijk beide 2 cm.<\/p><p><br><\/p>\n<p><strong>Informatie:&nbsp;<\/strong><\/p>\n<p><strong>Breedte:<\/strong><\/p>\n<p>standaard: 2 cm<\/p>\n<p><strong>Lengte:<\/strong><\/p>\n<p>Standaard: 150 cm<\/p>\n<p><strong>Gewicht:<\/strong><\/p>\n<p>Standaard: 122 gram<\/p>\n<p><br><\/p>\n<p><strong>Studio Proud algemene informatie:<\/strong><\/p>\n<p><img decoding=\"async\" draggable=\"false\" role=\"img\" class=\"emoji\" alt=\"\u2714\ufe0f\" src=\"https:\/\/s.w.org\/images\/core\/emoji\/14.0.0\/svg\/2714.svg\">Alle halsbanden en hondenriemen van Studio Proud zijn gedesigned voor honden met stijl. Laat de ware fashionista in jou en je hond los, verander het straatbeeld en verover social media.<\/p>\n<p><img decoding=\"async\" draggable=\"false\" role=\"img\" class=\"emoji\" alt=\"\u2714\ufe0f\" src=\"https:\/\/s.w.org\/images\/core\/emoji\/14.0.0\/svg\/2714.svg\">Deze betaalbare exclusieve honden accessoires van Studio Proud zijn perfect te matchen met jouw outfit en makkelijk in gebruik voor de dagelijkse wandeling en de bijzondere momenten in jouw (honden) leven.<\/p>\n<p><img decoding=\"async\" draggable=\"false\" role=\"img\" class=\"emoji\" alt=\"\u2714\ufe0f\" src=\"https:\/\/s.w.org\/images\/core\/emoji\/14.0.0\/svg\/2714.svg\">Perfect te combineren met alle verschillende stijlen. 100% fashionable. Makkelijk te combineren met bijpassende accessoires zoals de poepzakjeshouder en een strikje. Jouw hond is klaar om te stralen!!<\/p>\t\t\t\t\t\t\t\t<\/div>\n\t\t\t\t<\/div>\n\t\t\t\t\t<\/div>\n\t\t<\/div>\n\t\t\t\t\t<\/div>\n\t\t<\/section>\n\t\t\t\t<\/div>\n\t\t","protected":false},"excerpt":{"rendered":"<p><strong>Dog Leash &#8211; Old Pink Satin<\/strong><\/p>\n<p>With this \u00fcber-stylish walking leash, you and your dog are styled for a day of strolling in one fell swoop. There are different prints and materials, so always perfect to match the owner&#8217;s style. For example, this particular one, made of pretty old pink satin and gold accents. Want to be 100% sure of an instagram-worthy look? Then add a matching poop bag. All of Studio Proud&#8217;s products are made from the finest quality materials. So you and your dog will enjoy the most beautiful dog accessories for a very long time. In addition, this particular dog leash is made of a satin fabric, this fabric is very good for the coat.<\/p>\n<p><strong>Why a satin collar for your dog?<\/strong><\/p>\n<p>For humans it has long been the &#8220;Holy Grail&#8221; for healthy beautiful shiny hair, but now we have also incorporated this fabric into a collar. There are many advantages to choosing a satin dog collar, besides being super chic and stylish.<\/p>\n<ul>\n<li>Prevents tangles<\/li>\n<li>Prevents frizzy hair<\/li>\n<li>Soothes sensitive skin<\/li>\n<li>Anti-allergenic against poles and dust mites (Can dogs also be allergic to)<\/li>\n<li>Works cooling<\/li>\n<\/ul>\n<p><strong>Personalized leashes<\/strong><\/p>\n<p>Give your dog a nice gift! Order a leash with your four-legged friend&#8217;s name embroidered now! Studio Proud&#8217;s collars are elegant, easy to match with your four-legged friend&#8217;s coat.<\/p>\n<p>The leashes are embroidered to order and delivery time is approximately 7 business days.<\/p>\n<p><strong>Width:<\/strong><\/p>\n<p>2 cm<\/p>\n<p><strong>Length:<\/strong><\/p>\n<p>150 cm<\/p>\n<p><strong>Weight:<\/strong><\/p>\n<p>122 grams<\/p>\n<p><strong>Studio Proud general information:<\/strong><\/p>\n<p>All collars and dog leashes by Studio Proud are designed for dogs with style. Unleash the true fashionista in you and your dog, change the streetscape and conquer social media.<br \/>\nThese affordable exclusive dog accessories by Studio Proud are perfect to match with your outfit and easy to use for the daily walk and the special moments in your (dog&#8217;s) life.<br \/>\nPerfect to combine with all different styles. 100% fashionable. Easy to combine with matching accessories such as poop bag holder and bow tie. Your dog is ready to shine.<\/p>\n<p>&nbsp;<\/p>\n<p>&nbsp;<\/p>\n","protected":false},"featured_media":28855,"template":"","meta":{"inline_featured_image":false},"product_brand":[],"product_cat":[957,516,150,434,1075,953],"product_tag":[],"class_list":{"0":"post-34562","1":"product","2":"type-product","3":"status-publish","4":"has-post-thumbnail","6":"product_cat-athene-2","7":"product_cat-alle-accessoires-en","8":"product_cat-dog-leash","9":"product_cat-dog-leashes","10":"product_cat-personalized-products","11":"product_cat-satin","12":"pa_grootte-standaard","13":"pa_grootte-230-cm","15":"first","16":"instock","17":"featured","18":"taxable","19":"shipping-taxable","20":"purchasable","21":"product-type-simple"},"acf":[],"yoast_head":"<!-- This site is optimized with the Yoast SEO plugin v27.2 - https:\/\/yoast.com\/product\/yoast-seo-wordpress\/ -->\n<title>Athene - Monastir\u00e1ki - Studio Proud<\/title>\n<meta name=\"robots\" content=\"index, follow, max-snippet:-1, max-image-preview:large, max-video-preview:-1\" \/>\n<link rel=\"canonical\" href=\"https:\/\/www.studioproud.com\/en\/product\/athene-monastiraki-2\/\" \/>\n<meta property=\"og:locale\" content=\"en_US\" \/>\n<meta property=\"og:type\" content=\"article\" \/>\n<meta property=\"og:title\" content=\"Athene - Monastir\u00e1ki - Studio Proud\" \/>\n<meta property=\"og:description\" content=\"Dog Leash - Old Pink Satin  With this \u00fcber-stylish walking leash, you and your dog are styled for a day of strolling in one fell swoop. There are different prints and materials, so always perfect to match the owner&#039;s style. For example, this particular one, made of pretty old pink satin and gold accents. Want to be 100% sure of an instagram-worthy look? Then add a matching poop bag. All of Studio Proud&#039;s products are made from the finest quality materials. So you and your dog will enjoy the most beautiful dog accessories for a very long time. In addition, this particular dog leash is made of a satin fabric, this fabric is very good for the coat.  Why a satin collar for your dog?  For humans it has long been the &quot;Holy Grail&quot; for healthy beautiful shiny hair, but now we have also incorporated this fabric into a collar. There are many advantages to choosing a satin dog collar, besides being super chic and stylish.   Prevents tangles  Prevents frizzy hair  Soothes sensitive skin  Anti-allergenic against poles and dust mites (Can dogs also be allergic to)  Works cooling  Personalized leashes  Give your dog a nice gift! Order a leash with your four-legged friend&#039;s name embroidered now! Studio Proud&#039;s collars are elegant, easy to match with your four-legged friend&#039;s coat.  The leashes are embroidered to order and delivery time is approximately 7 business days.  Width:  2 cm  Length:  150 cm  Weight:  122 grams  Studio Proud general information:  All collars and dog leashes by Studio Proud are designed for dogs with style. Unleash the true fashionista in you and your dog, change the streetscape and conquer social media. These affordable exclusive dog accessories by Studio Proud are perfect to match with your outfit and easy to use for the daily walk and the special moments in your (dog&#039;s) life. Perfect to combine with all different styles. 100% fashionable. Easy to combine with matching accessories such as poop bag holder and bow tie. Your dog is ready to shine.  &nbsp;  &nbsp;\" \/>\n<meta property=\"og:url\" content=\"https:\/\/www.studioproud.com\/en\/product\/athene-monastiraki-2\/\" \/>\n<meta property=\"og:site_name\" content=\"Studio Proud\" \/>\n<meta property=\"article:publisher\" content=\"https:\/\/www.facebook.com\/Studioproud\" \/>\n<meta property=\"article:modified_time\" content=\"2022-12-14T19:23:03+00:00\" \/>\n<meta property=\"og:image\" content=\"https:\/\/www.studioproud.com\/wp-content\/uploads\/2022\/05\/5-e1663076670326.png\" \/>\n\t<meta property=\"og:image:width\" content=\"566\" \/>\n\t<meta property=\"og:image:height\" content=\"800\" \/>\n\t<meta property=\"og:image:type\" content=\"image\/png\" \/>\n<meta name=\"twitter:card\" content=\"summary_large_image\" \/>\n<meta name=\"twitter:label1\" content=\"Price\" \/>\n\t<meta name=\"twitter:data1\" content=\"&euro;32.95\" \/>\n\t<meta name=\"twitter:label2\" content=\"Availability\" \/>\n\t<meta name=\"twitter:data2\" content=\"In stock\" \/>\n<meta property=\"product:price:amount\" content=\"32.95\" \/>\n<meta property=\"product:price:currency\" content=\"EUR\" \/>\n<meta property=\"og:availability\" content=\"instock\" \/>\n<meta property=\"product:availability\" content=\"instock\" \/>\n<meta property=\"product:condition\" content=\"new\" \/>\n<!-- \/ Yoast SEO plugin. -->","yoast_head_json":{"title":"Athene - Monastir\u00e1ki - Studio Proud","robots":{"index":"index","follow":"follow","max-snippet":"max-snippet:-1","max-image-preview":"max-image-preview:large","max-video-preview":"max-video-preview:-1"},"canonical":"https:\/\/www.studioproud.com\/en\/product\/athene-monastiraki-2\/","og_locale":"en_US","og_type":"article","og_title":"Athene - Monastir\u00e1ki - Studio Proud","og_description":"Dog Leash - Old Pink Satin  With this \u00fcber-stylish walking leash, you and your dog are styled for a day of strolling in one fell swoop. There are different prints and materials, so always perfect to match the owner's style. For example, this particular one, made of pretty old pink satin and gold accents. Want to be 100% sure of an instagram-worthy look? Then add a matching poop bag. All of Studio Proud's products are made from the finest quality materials. So you and your dog will enjoy the most beautiful dog accessories for a very long time. In addition, this particular dog leash is made of a satin fabric, this fabric is very good for the coat.  Why a satin collar for your dog?  For humans it has long been the \"Holy Grail\" for healthy beautiful shiny hair, but now we have also incorporated this fabric into a collar. There are many advantages to choosing a satin dog collar, besides being super chic and stylish.   Prevents tangles  Prevents frizzy hair  Soothes sensitive skin  Anti-allergenic against poles and dust mites (Can dogs also be allergic to)  Works cooling  Personalized leashes  Give your dog a nice gift! Order a leash with your four-legged friend's name embroidered now! Studio Proud's collars are elegant, easy to match with your four-legged friend's coat.  The leashes are embroidered to order and delivery time is approximately 7 business days.  Width:  2 cm  Length:  150 cm  Weight:  122 grams  Studio Proud general information:  All collars and dog leashes by Studio Proud are designed for dogs with style. Unleash the true fashionista in you and your dog, change the streetscape and conquer social media. These affordable exclusive dog accessories by Studio Proud are perfect to match with your outfit and easy to use for the daily walk and the special moments in your (dog's) life. Perfect to combine with all different styles. 100% fashionable. Easy to combine with matching accessories such as poop bag holder and bow tie. Your dog is ready to shine.  &nbsp;  &nbsp;","og_url":"https:\/\/www.studioproud.com\/en\/product\/athene-monastiraki-2\/","og_site_name":"Studio Proud","article_publisher":"https:\/\/www.facebook.com\/Studioproud","article_modified_time":"2022-12-14T19:23:03+00:00","og_image":[{"width":566,"height":800,"url":"https:\/\/www.studioproud.com\/wp-content\/uploads\/2022\/05\/5-e1663076670326.png","type":"image\/png"}],"twitter_card":"summary_large_image","twitter_misc":{"Price":"&euro;32.95","Availability":"In stock"},"schema":{"@context":"https:\/\/schema.org","@graph":[{"@type":"WebPage","@id":"https:\/\/www.studioproud.com\/en\/product\/athene-monastiraki-2\/","url":"https:\/\/www.studioproud.com\/en\/product\/athene-monastiraki-2\/","name":"Athene - Monastir\u00e1ki - Studio Proud","isPartOf":{"@id":"https:\/\/www.studioproud.com\/#website"},"primaryImageOfPage":{"@id":"https:\/\/www.studioproud.com\/en\/product\/athene-monastiraki-2\/#primaryimage"},"image":{"@id":"https:\/\/www.studioproud.com\/en\/product\/athene-monastiraki-2\/#primaryimage"},"thumbnailUrl":"https:\/\/www.studioproud.com\/wp-content\/uploads\/2022\/05\/5-e1663076670326.png","datePublished":"2022-09-12T11:39:49+00:00","dateModified":"2022-12-14T19:23:03+00:00","breadcrumb":{"@id":"https:\/\/www.studioproud.com\/en\/product\/athene-monastiraki-2\/#breadcrumb"},"inLanguage":"en-US","potentialAction":[{"@type":"ReadAction","target":["https:\/\/www.studioproud.com\/en\/product\/athene-monastiraki-2\/"]}]},{"@type":"ImageObject","inLanguage":"en-US","@id":"https:\/\/www.studioproud.com\/en\/product\/athene-monastiraki-2\/#primaryimage","url":"https:\/\/www.studioproud.com\/wp-content\/uploads\/2022\/05\/5-e1663076670326.png","contentUrl":"https:\/\/www.studioproud.com\/wp-content\/uploads\/2022\/05\/5-e1663076670326.png","width":566,"height":800},{"@type":"BreadcrumbList","@id":"https:\/\/www.studioproud.com\/en\/product\/athene-monastiraki-2\/#breadcrumb","itemListElement":[{"@type":"ListItem","position":1,"name":"Home","item":"https:\/\/www.studioproud.com\/en\/new-homepage\/"},{"@type":"ListItem","position":2,"name":"Shop","item":"https:\/\/www.studioproud.com\/shop\/"},{"@type":"ListItem","position":3,"name":"Athene &#8211; Monastir\u00e1ki"}]},{"@type":"WebSite","@id":"https:\/\/www.studioproud.com\/#website","url":"https:\/\/www.studioproud.com\/","name":"Studio Proud","description":"Dog accessories","publisher":{"@id":"https:\/\/www.studioproud.com\/#organization"},"potentialAction":[{"@type":"SearchAction","target":{"@type":"EntryPoint","urlTemplate":"https:\/\/www.studioproud.com\/?s={search_term_string}"},"query-input":{"@type":"PropertyValueSpecification","valueRequired":true,"valueName":"search_term_string"}}],"inLanguage":"en-US"},{"@type":"Organization","@id":"https:\/\/www.studioproud.com\/#organization","name":"Studio Proud","url":"https:\/\/www.studioproud.com\/","logo":{"@type":"ImageObject","inLanguage":"en-US","@id":"https:\/\/www.studioproud.com\/#\/schema\/logo\/image\/","url":"https:\/\/www.studioproud.com\/wp-content\/uploads\/2024\/02\/Studio-proud-Logo-InLine.jpeg","contentUrl":"https:\/\/www.studioproud.com\/wp-content\/uploads\/2024\/02\/Studio-proud-Logo-InLine.jpeg","width":1755,"height":507,"caption":"Studio Proud"},"image":{"@id":"https:\/\/www.studioproud.com\/#\/schema\/logo\/image\/"},"sameAs":["https:\/\/www.facebook.com\/Studioproud","https:\/\/www.instagram.com\/studio.proud\/"]}]},"product_price_amount":"32.95","product_price_currency":"EUR","og_availability":"instock","product_availability":"instock","product_condition":"new"},"_links":{"self":[{"href":"https:\/\/www.studioproud.com\/en\/wp-json\/wp\/v2\/product\/34562","targetHints":{"allow":["GET"]}}],"collection":[{"href":"https:\/\/www.studioproud.com\/en\/wp-json\/wp\/v2\/product"}],"about":[{"href":"https:\/\/www.studioproud.com\/en\/wp-json\/wp\/v2\/types\/product"}],"version-history":[{"count":2,"href":"https:\/\/www.studioproud.com\/en\/wp-json\/wp\/v2\/product\/34562\/revisions"}],"predecessor-version":[{"id":37674,"href":"https:\/\/www.studioproud.com\/en\/wp-json\/wp\/v2\/product\/34562\/revisions\/37674"}],"wp:featuredmedia":[{"embeddable":true,"href":"https:\/\/www.studioproud.com\/en\/wp-json\/wp\/v2\/media\/28855"}],"wp:attachment":[{"href":"https:\/\/www.studioproud.com\/en\/wp-json\/wp\/v2\/media?parent=34562"}],"wp:term":[{"taxonomy":"product_brand","embeddable":true,"href":"https:\/\/www.studioproud.com\/en\/wp-json\/wp\/v2\/product_brand?post=34562"},{"taxonomy":"product_cat","embeddable":true,"href":"https:\/\/www.studioproud.com\/en\/wp-json\/wp\/v2\/product_cat?post=34562"},{"taxonomy":"product_tag","embeddable":true,"href":"https:\/\/www.studioproud.com\/en\/wp-json\/wp\/v2\/product_tag?post=34562"}],"curies":[{"name":"wp","href":"https:\/\/api.w.org\/{rel}","templated":true}]}}